{"id":71247,"date":"2023-07-21T15:03:44","date_gmt":"2023-07-21T15:03:44","guid":{"rendered":"https:\/\/base.vet.br\/?page_id=71247"},"modified":"2023-10-17T18:02:44","modified_gmt":"2023-10-17T18:02:44","slug":"quem-somos","status":"publish","type":"page","link":"https:\/\/base.vet.br\/index.php\/quem-somos\/","title":{"rendered":"quem somos"},"content":{"rendered":"<p>[et_pb_section fb_built=&#8221;1&#8243; _builder_version=&#8221;4.21.0&#8243; background_color=&#8221;#D6D6D6&#8243; custom_padding=&#8221;0px||0px||false|false&#8221; global_colors_info=&#8221;{}&#8221;][et_pb_row column_structure=&#8221;3_5,2_5&#8243; use_custom_gutter=&#8221;on&#8221; gutter_width=&#8221;1&#8243; make_equal=&#8221;on&#8221; _builder_version=&#8221;4.21.0&#8243; background_color=&#8221;#D6D6D6&#8243; width=&#8221;100%&#8221; max_width=&#8221;100%&#8221; custom_padding=&#8221;0px||0px||true|false&#8221; hover_enabled=&#8221;0&#8243; global_colors_info=&#8221;{}&#8221; sticky_enabled=&#8221;0&#8243;][et_pb_column type=&#8221;3_5&#8243; _builder_version=&#8221;4.21.0&#8243; background_color=&#8221;#D6D6D6&#8243; background_image=&#8221;https:\/\/base.vet.br\/wp-content\/uploads\/2023\/10\/base_site_2022_quem_somos_interna_fachada_04.jpg&#8221; hover_enabled=&#8221;0&#8243; border_width_top=&#8221;9vh&#8221; border_color_top=&#8221;#FFFFFF&#8221; border_width_bottom=&#8221;9vh&#8221; border_color_bottom=&#8221;#FFFFFF&#8221; border_width_top_tablet=&#8221;0vh&#8221; border_width_top_phone=&#8221;0vh&#8221; border_width_top_last_edited=&#8221;on|phone&#8221; border_width_bottom_tablet=&#8221;0vh&#8221; border_width_bottom_phone=&#8221;0vh&#8221; border_width_bottom_last_edited=&#8221;on|phone&#8221; global_colors_info=&#8221;{}&#8221; title_text=&#8221;base_site_2022_quem_somos_interna_fachada_04&#8243; sticky_enabled=&#8221;0&#8243;][et_pb_divider show_divider=&#8221;off&#8221; _builder_version=&#8221;4.21.0&#8243; _module_preset=&#8221;default&#8221; custom_padding_tablet=&#8221;234px||234px||true|false&#8221; custom_padding_phone=&#8221;123px||123px||true|false&#8221; custom_padding_last_edited=&#8221;on|tablet&#8221; global_colors_info=&#8221;{}&#8221;][\/et_pb_divider][\/et_pb_column][et_pb_column type=&#8221;2_5&#8243; _builder_version=&#8221;4.21.0&#8243; background_color=&#8221;#cbedb6&#8243; custom_padding=&#8221;110px|80px|110px|80px|true|true&#8221; custom_padding_tablet=&#8221;70px|70px|70px|70px|true|true&#8221; custom_padding_phone=&#8221;50px|30px|50px|30px|true|true&#8221; custom_padding_last_edited=&#8221;on|phone&#8221; global_colors_info=&#8221;{}&#8221;][et_pb_text _builder_version=&#8221;4.21.0&#8243; header_font=&#8221;ABeeZee||||||||&#8221; header_2_font=&#8221;Poppins|600|||||||&#8221; header_2_text_color=&#8221;#000000&#8243; header_2_font_size=&#8221;35px&#8221; header_2_letter_spacing=&#8221;-1px&#8221; header_2_line_height=&#8221;1.1em&#8221; custom_margin=&#8221;18px||||false|false&#8221; header_2_font_size_tablet=&#8221;&#8221; header_2_font_size_phone=&#8221;30px&#8221; header_2_font_size_last_edited=&#8221;on|phone&#8221; header_2_line_height_tablet=&#8221;&#8221; header_2_line_height_phone=&#8221;1.3em&#8221; header_2_line_height_last_edited=&#8221;on|phone&#8221; global_colors_info=&#8221;{}&#8221;]<\/p>\n<h2><span style=\"color: #264f00;\">Uma Saga de Excel\u00eancia e Amor aos Animais: A Jornada Inspiradora da Base Distribuidora.<\/span><\/h2>\n<p>[\/et_pb_text][et_pb_text _builder_version=&#8221;4.21.0&#8243; text_font=&#8221;Poppins|300|||||||&#8221; text_text_color=&#8221;#000000&#8243; text_font_size=&#8221;15px&#8221; text_line_height=&#8221;1.8em&#8221; header_4_font=&#8221;Poppins||||||||&#8221; header_4_text_color=&#8221;#000000&#8243; header_4_font_size=&#8221;28px&#8221; header_4_line_height=&#8221;1.9em&#8221; custom_margin=&#8221;15px||||false|false&#8221; header_4_font_size_tablet=&#8221;&#8221; header_4_font_size_phone=&#8221;22px&#8221; header_4_font_size_last_edited=&#8221;on|phone&#8221; global_colors_info=&#8221;{}&#8221;]<\/p>\n<p>A hist\u00f3ria da Base Distribuidora come\u00e7ou em 2012, com a vis\u00e3o do empres\u00e1rio Cleverton Barreto, que buscava oferecer excel\u00eancia e inova\u00e7\u00e3o no mercado veterin\u00e1rio. Concentrando-se inicialmente em atender 75 munic\u00edpios de Sergipe, a empresa se destacou ao fornecer solu\u00e7\u00f5es de qualidade para grandes animais, como bovinos e equinos. Com o tempo, perceberam a crescente demanda no segmento Pet e expandiram seus servi\u00e7os, abra\u00e7ando a miss\u00e3o de cuidar dos animais de estima\u00e7\u00e3o. Com dedica\u00e7\u00e3o incans\u00e1vel, a Base Distribuidora conquistou o mercado de Alagoas, estendendo seus servi\u00e7os a 105 munic\u00edpios.<\/p>\n<p>Hoje, a empresa \u00e9 uma refer\u00eancia no mercado veterin\u00e1rio, com sede em Aracaju e Centro de Distribui\u00e7\u00e3o em Macei\u00f3. S\u00e3o detentores de marcas l\u00edderes mundiais, oferecendo produtos de qualidade superior para o bem-estar dos animais. A jornada da Base Distribuidora \u00e9 marcada pelo compromisso, inova\u00e7\u00e3o e constante evolu\u00e7\u00e3o. Seu prop\u00f3sito claro \u00e9 fornecer produtos excepcionais e atendimento diferenciado, tornando-se parceiros confi\u00e1veis para todos que compartilham o amor e dedica\u00e7\u00e3o aos animais. Junte-se a essa fam\u00edlia e descubra por que s\u00e3o l\u00edderes no mercado veterin\u00e1rio, cuidando dos animais que voc\u00ea ama com produtos que fazem a diferen\u00e7a em suas vidas.<br \/><strong>Seja bem-vindo(a) \u00e0 fam\u00edlia Base!<\/strong><\/p>\n<p>[\/et_pb_text][\/et_pb_column][\/et_pb_row][\/et_pb_section][et_pb_section fb_built=&#8221;1&#8243; _builder_version=&#8221;4.21.0&#8243; background_color=&#8221;#f2f2f2&#8243; custom_padding=&#8221;80px||80px||true|&#8221; global_colors_info=&#8221;{}&#8221;][et_pb_row column_structure=&#8221;1_2,1_4,1_4&#8243; use_custom_gutter=&#8221;on&#8221; gutter_width=&#8221;2&#8243; _builder_version=&#8221;4.16&#8243; global_colors_info=&#8221;{}&#8221;][et_pb_column type=&#8221;1_2&#8243; _builder_version=&#8221;4.16&#8243; custom_padding=&#8221;|||&#8221; global_colors_info=&#8221;{}&#8221; custom_padding__hover=&#8221;|||&#8221;][et_pb_image src=&#8221;https:\/\/base.vet.br\/wp-content\/uploads\/2023\/10\/base_site_2022_quem_somos_galeria_foto_01_02_02.jpg&#8221; title_text=&#8221;base_site_2022_quem_somos_galeria_foto_01_02_02&#8243; show_in_lightbox=&#8221;on&#8221; use_overlay=&#8221;on&#8221; overlay_icon_color=&#8221;rgba(0,0,0,0)&#8221; hover_overlay_color=&#8221;rgba(0,0,0,0.22)&#8221; align_tablet=&#8221;center&#8221; align_phone=&#8221;&#8221; align_last_edited=&#8221;on|desktop&#8221; _builder_version=&#8221;4.21.0&#8243; custom_padding=&#8221;||16px|&#8221; hover_enabled=&#8221;0&#8243; border_color_right=&#8221;#ffffff&#8221; border_color_bottom=&#8221;#ffffff&#8221; global_colors_info=&#8221;{}&#8221; sticky_enabled=&#8221;0&#8243;][\/et_pb_image][\/et_pb_column][et_pb_column type=&#8221;1_4&#8243; _builder_version=&#8221;4.16&#8243; custom_padding=&#8221;|||&#8221; global_colors_info=&#8221;{}&#8221; custom_padding__hover=&#8221;|||&#8221;][et_pb_image src=&#8221;https:\/\/base.vet.br\/wp-content\/uploads\/2023\/10\/base_site_2022_quem_somos_galeria_foto_04_02.jpg&#8221; title_text=&#8221;base_site_2022_quem_somos_galeria_foto_04_02&#8243; show_in_lightbox=&#8221;on&#8221; use_overlay=&#8221;on&#8221; overlay_icon_color=&#8221;rgba(0,0,0,0)&#8221; hover_overlay_color=&#8221;rgba(0,0,0,0.22)&#8221; align_tablet=&#8221;center&#8221; align_phone=&#8221;&#8221; align_last_edited=&#8221;on|desktop&#8221; _builder_version=&#8221;4.21.0&#8243; custom_padding=&#8221;||16px|&#8221; hover_enabled=&#8221;0&#8243; border_color_right=&#8221;#ffffff&#8221; border_color_bottom=&#8221;#ffffff&#8221; global_colors_info=&#8221;{}&#8221; sticky_enabled=&#8221;0&#8243;][\/et_pb_image][et_pb_image src=&#8221;https:\/\/base.vet.br\/wp-content\/uploads\/2023\/09\/base_site_2022_quem_somos_galeria_foto_06.jpg&#8221; title_text=&#8221;base_site_2022_quem_somos_galeria_foto_06&#8243; show_in_lightbox=&#8221;on&#8221; use_overlay=&#8221;on&#8221; overlay_icon_color=&#8221;rgba(0,0,0,0)&#8221; hover_overlay_color=&#8221;rgba(0,0,0,0.22)&#8221; align_tablet=&#8221;center&#8221; align_phone=&#8221;&#8221; align_last_edited=&#8221;on|desktop&#8221; _builder_version=&#8221;4.21.0&#8243; custom_padding=&#8221;||16px|&#8221; hover_enabled=&#8221;0&#8243; border_color_right=&#8221;#ffffff&#8221; border_color_bottom=&#8221;#ffffff&#8221; global_colors_info=&#8221;{}&#8221; sticky_enabled=&#8221;0&#8243;][\/et_pb_image][\/et_pb_column][et_pb_column type=&#8221;1_4&#8243; _builder_version=&#8221;4.16&#8243; custom_padding=&#8221;|||&#8221; global_colors_info=&#8221;{}&#8221; custom_padding__hover=&#8221;|||&#8221;][et_pb_image src=&#8221;https:\/\/base.vet.br\/wp-content\/uploads\/2023\/09\/base_site_2022_quem_somos_galeria_foto_05.jpg&#8221; title_text=&#8221;base_site_2022_quem_somos_galeria_foto_05&#8243; show_in_lightbox=&#8221;on&#8221; use_overlay=&#8221;on&#8221; overlay_icon_color=&#8221;rgba(0,0,0,0)&#8221; hover_overlay_color=&#8221;rgba(0,0,0,0.22)&#8221; align_tablet=&#8221;center&#8221; align_phone=&#8221;&#8221; align_last_edited=&#8221;on|desktop&#8221; _builder_version=&#8221;4.21.0&#8243; custom_padding=&#8221;||16px|&#8221; border_color_right=&#8221;#ffffff&#8221; border_color_bottom=&#8221;#ffffff&#8221; global_colors_info=&#8221;{}&#8221;][\/et_pb_image][et_pb_image src=&#8221;https:\/\/base.vet.br\/wp-content\/uploads\/2023\/10\/base_site_2022_quem_somos_galeria_foto_08.jpg&#8221; title_text=&#8221;base_site_2022_quem_somos_galeria_foto_08&#8243; show_in_lightbox=&#8221;on&#8221; use_overlay=&#8221;on&#8221; overlay_icon_color=&#8221;rgba(0,0,0,0)&#8221; hover_overlay_color=&#8221;rgba(0,0,0,0.22)&#8221; align_tablet=&#8221;center&#8221; align_phone=&#8221;&#8221; align_last_edited=&#8221;on|desktop&#8221; _builder_version=&#8221;4.21.0&#8243; custom_padding=&#8221;||16px|&#8221; hover_enabled=&#8221;0&#8243; border_color_right=&#8221;#ffffff&#8221; border_color_bottom=&#8221;#ffffff&#8221; global_colors_info=&#8221;{}&#8221; sticky_enabled=&#8221;0&#8243;][\/et_pb_image][\/et_pb_column][\/et_pb_row][\/et_pb_section]<\/p>\n","protected":false},"excerpt":{"rendered":"<p>Uma Saga de Excel\u00eancia e Amor aos Animais: A Jornada Inspiradora da Base Distribuidora.A hist\u00f3ria da Base Distribuidora come\u00e7ou em 2012, com a vis\u00e3o do empres\u00e1rio Cleverton Barreto, que buscava oferecer excel\u00eancia e inova\u00e7\u00e3o no mercado veterin\u00e1rio. Concentrando-se inicialmente em atender 75 munic\u00edpios de Sergipe, a empresa se destacou ao fornecer solu\u00e7\u00f5es de qualidade para [&hellip;]<\/p>\n","protected":false},"author":1,"featured_media":0,"parent":0,"menu_order":0,"comment_status":"closed","ping_status":"closed","template":"","meta":{"_et_pb_use_builder":"on","_et_pb_old_content":"","_et_gb_content_width":"","footnotes":""},"class_list":["post-71247","page","type-page","status-publish","hentry"],"yoast_head":"<!-- This site is optimized with the Yoast SEO plugin v27.3 - https:\/\/yoast.com\/product\/yoast-seo-wordpress\/ -->\n<title>quem somos - Base Veterin\u00e1ria<\/title>\n<meta name=\"robots\" content=\"index, follow, max-snippet:-1, max-image-preview:large, max-video-preview:-1\" \/>\n<link rel=\"canonical\" href=\"https:\/\/base.vet.br\/index.php\/quem-somos\/\" \/>\n<meta property=\"og:locale\" content=\"pt_BR\" \/>\n<meta property=\"og:type\" content=\"article\" \/>\n<meta property=\"og:title\" content=\"quem somos - Base Veterin\u00e1ria\" \/>\n<meta property=\"og:description\" content=\"Uma Saga de Excel\u00eancia e Amor aos Animais: A Jornada Inspiradora da Base Distribuidora.A hist\u00f3ria da Base Distribuidora come\u00e7ou em 2012, com a vis\u00e3o do empres\u00e1rio Cleverton Barreto, que buscava oferecer excel\u00eancia e inova\u00e7\u00e3o no mercado veterin\u00e1rio. Concentrando-se inicialmente em atender 75 munic\u00edpios de Sergipe, a empresa se destacou ao fornecer solu\u00e7\u00f5es de qualidade para [&hellip;]\" \/>\n<meta property=\"og:url\" content=\"https:\/\/base.vet.br\/index.php\/quem-somos\/\" \/>\n<meta property=\"og:site_name\" content=\"Base Veterin\u00e1ria\" \/>\n<meta property=\"article:modified_time\" content=\"2023-10-17T18:02:44+00:00\" \/>\n<meta name=\"twitter:card\" content=\"summary_large_image\" \/>\n<meta name=\"twitter:label1\" content=\"Est. tempo de leitura\" \/>\n\t<meta name=\"twitter:data1\" content=\"3 minutos\" \/>\n<script type=\"application\/ld+json\" class=\"yoast-schema-graph\">{\"@context\":\"https:\\\/\\\/schema.org\",\"@graph\":[{\"@type\":\"WebPage\",\"@id\":\"https:\\\/\\\/base.vet.br\\\/index.php\\\/quem-somos\\\/\",\"url\":\"https:\\\/\\\/base.vet.br\\\/index.php\\\/quem-somos\\\/\",\"name\":\"quem somos - Base Veterin\u00e1ria\",\"isPartOf\":{\"@id\":\"https:\\\/\\\/base.vet.br\\\/#website\"},\"datePublished\":\"2023-07-21T15:03:44+00:00\",\"dateModified\":\"2023-10-17T18:02:44+00:00\",\"breadcrumb\":{\"@id\":\"https:\\\/\\\/base.vet.br\\\/index.php\\\/quem-somos\\\/#breadcrumb\"},\"inLanguage\":\"pt-BR\",\"potentialAction\":[{\"@type\":\"ReadAction\",\"target\":[\"https:\\\/\\\/base.vet.br\\\/index.php\\\/quem-somos\\\/\"]}]},{\"@type\":\"BreadcrumbList\",\"@id\":\"https:\\\/\\\/base.vet.br\\\/index.php\\\/quem-somos\\\/#breadcrumb\",\"itemListElement\":[{\"@type\":\"ListItem\",\"position\":1,\"name\":\"In\u00edcio\",\"item\":\"https:\\\/\\\/base.vet.br\\\/\"},{\"@type\":\"ListItem\",\"position\":2,\"name\":\"quem somos\"}]},{\"@type\":\"WebSite\",\"@id\":\"https:\\\/\\\/base.vet.br\\\/#website\",\"url\":\"https:\\\/\\\/base.vet.br\\\/\",\"name\":\"Base Veterin\u00e1ria\",\"description\":\"Distribuidor de Produtos para Pets\",\"potentialAction\":[{\"@type\":\"SearchAction\",\"target\":{\"@type\":\"EntryPoint\",\"urlTemplate\":\"https:\\\/\\\/base.vet.br\\\/?s={search_term_string}\"},\"query-input\":{\"@type\":\"PropertyValueSpecification\",\"valueRequired\":true,\"valueName\":\"search_term_string\"}}],\"inLanguage\":\"pt-BR\"}]}<\/script>\n<!-- \/ Yoast SEO plugin. -->","yoast_head_json":{"title":"quem somos - Base Veterin\u00e1ria","robots":{"index":"index","follow":"follow","max-snippet":"max-snippet:-1","max-image-preview":"max-image-preview:large","max-video-preview":"max-video-preview:-1"},"canonical":"https:\/\/base.vet.br\/index.php\/quem-somos\/","og_locale":"pt_BR","og_type":"article","og_title":"quem somos - Base Veterin\u00e1ria","og_description":"Uma Saga de Excel\u00eancia e Amor aos Animais: A Jornada Inspiradora da Base Distribuidora.A hist\u00f3ria da Base Distribuidora come\u00e7ou em 2012, com a vis\u00e3o do empres\u00e1rio Cleverton Barreto, que buscava oferecer excel\u00eancia e inova\u00e7\u00e3o no mercado veterin\u00e1rio. Concentrando-se inicialmente em atender 75 munic\u00edpios de Sergipe, a empresa se destacou ao fornecer solu\u00e7\u00f5es de qualidade para [&hellip;]","og_url":"https:\/\/base.vet.br\/index.php\/quem-somos\/","og_site_name":"Base Veterin\u00e1ria","article_modified_time":"2023-10-17T18:02:44+00:00","twitter_card":"summary_large_image","twitter_misc":{"Est. tempo de leitura":"3 minutos"},"schema":{"@context":"https:\/\/schema.org","@graph":[{"@type":"WebPage","@id":"https:\/\/base.vet.br\/index.php\/quem-somos\/","url":"https:\/\/base.vet.br\/index.php\/quem-somos\/","name":"quem somos - Base Veterin\u00e1ria","isPartOf":{"@id":"https:\/\/base.vet.br\/#website"},"datePublished":"2023-07-21T15:03:44+00:00","dateModified":"2023-10-17T18:02:44+00:00","breadcrumb":{"@id":"https:\/\/base.vet.br\/index.php\/quem-somos\/#breadcrumb"},"inLanguage":"pt-BR","potentialAction":[{"@type":"ReadAction","target":["https:\/\/base.vet.br\/index.php\/quem-somos\/"]}]},{"@type":"BreadcrumbList","@id":"https:\/\/base.vet.br\/index.php\/quem-somos\/#breadcrumb","itemListElement":[{"@type":"ListItem","position":1,"name":"In\u00edcio","item":"https:\/\/base.vet.br\/"},{"@type":"ListItem","position":2,"name":"quem somos"}]},{"@type":"WebSite","@id":"https:\/\/base.vet.br\/#website","url":"https:\/\/base.vet.br\/","name":"Base Veterin\u00e1ria","description":"Distribuidor de Produtos para Pets","potentialAction":[{"@type":"SearchAction","target":{"@type":"EntryPoint","urlTemplate":"https:\/\/base.vet.br\/?s={search_term_string}"},"query-input":{"@type":"PropertyValueSpecification","valueRequired":true,"valueName":"search_term_string"}}],"inLanguage":"pt-BR"}]}},"_links":{"self":[{"href":"https:\/\/base.vet.br\/index.php\/wp-json\/wp\/v2\/pages\/71247","targetHints":{"allow":["GET"]}}],"collection":[{"href":"https:\/\/base.vet.br\/index.php\/wp-json\/wp\/v2\/pages"}],"about":[{"href":"https:\/\/base.vet.br\/index.php\/wp-json\/wp\/v2\/types\/page"}],"author":[{"embeddable":true,"href":"https:\/\/base.vet.br\/index.php\/wp-json\/wp\/v2\/users\/1"}],"replies":[{"embeddable":true,"href":"https:\/\/base.vet.br\/index.php\/wp-json\/wp\/v2\/comments?post=71247"}],"version-history":[{"count":11,"href":"https:\/\/base.vet.br\/index.php\/wp-json\/wp\/v2\/pages\/71247\/revisions"}],"predecessor-version":[{"id":71312,"href":"https:\/\/base.vet.br\/index.php\/wp-json\/wp\/v2\/pages\/71247\/revisions\/71312"}],"wp:attachment":[{"href":"https:\/\/base.vet.br\/index.php\/wp-json\/wp\/v2\/media?parent=71247"}],"curies":[{"name":"wp","href":"https:\/\/api.w.org\/{rel}","templated":true}]}}